{"id":5988,"date":"2024-03-15T08:56:02","date_gmt":"2024-03-15T07:56:02","guid":{"rendered":"https:\/\/pierregosselin-jointoyeur.com\/blog\/"},"modified":"2025-04-08T07:16:24","modified_gmt":"2025-04-08T05:16:24","slug":"blog","status":"publish","type":"page","link":"https:\/\/pierregosselin-jointoyeur.com\/en\/blog\/","title":{"rendered":"Blog"},"content":{"rendered":"\t\t<div data-elementor-type=\"wp-page\" data-elementor-id=\"5988\" class=\"elementor elementor-5988 elementor-5986\" data-elementor-post-type=\"page\">\n\t\t\t\t<div class=\"elementor-element elementor-element-4b30222 e-flex e-con-boxed e-con e-parent\" data-id=\"4b30222\" data-element_type=\"container\">\n\t\t\t\t\t<div class=\"e-con-inner\">\n\t\t\t\t<div class=\"elementor-element elementor-element-93a5c32 elementor-grid-eael-col-4 elementor-grid-tablet-eael-col-2 elementor-grid-mobile-eael-col-1 elementor-widget elementor-widget-eael-post-grid\" data-id=\"93a5c32\" data-element_type=\"widget\" data-settings=\"{&quot;eael_post_grid_columns&quot;:&quot;eael-col-4&quot;,&quot;eael_post_grid_columns_tablet&quot;:&quot;eael-col-2&quot;,&quot;eael_post_grid_columns_mobile&quot;:&quot;eael-col-1&quot;}\" data-widget_type=\"eael-post-grid.default\">\n\t\t\t\t<div class=\"elementor-widget-container\">\n\t\t\t<div id=\"eael-post-grid-93a5c32\" class=\"eael-post-grid-container\">\n            <div class=\"eael-post-grid eael-post-appender eael-post-appender-93a5c32 eael-post-grid-style-default\" data-layout-mode=\"masonry\"><article class=\"eael-grid-post eael-post-grid-column\" data-id=\"6039\">\n        <div class=\"eael-grid-post-holder\">\n            <div class=\"eael-grid-post-holder-inner\"><div class=\"eael-entry-media\"><div class=\"eael-entry-overlay fade-in\"><i class=\"fas fa-long-arrow-alt-right\" aria-hidden=\"true\"><\/i><a href=\"https:\/\/pierregosselin-jointoyeur.com\/en\/the-importance-of-plastering-and-acrylic-coating-in-pre-purchase-property-inspections-2\/\"><\/a><\/div><div class=\"eael-entry-thumbnail \">\n                <img fetchpriority=\"high\" decoding=\"async\" width=\"300\" height=\"200\" src=\"https:\/\/pierregosselin-jointoyeur.com\/wp-content\/uploads\/2024\/05\/Depositphotos-379586608-S-300x200.jpg\" class=\"attachment-medium size-medium wp-image-6043\" alt=\"\" srcset=\"https:\/\/pierregosselin-jointoyeur.com\/wp-content\/uploads\/2024\/05\/Depositphotos-379586608-S-300x200.jpg 300w, https:\/\/pierregosselin-jointoyeur.com\/wp-content\/uploads\/2024\/05\/Depositphotos-379586608-S-768x512.jpg 768w, https:\/\/pierregosselin-jointoyeur.com\/wp-content\/uploads\/2024\/05\/Depositphotos-379586608-S.jpg 1000w\" sizes=\"(max-width: 300px) 100vw, 300px\" \/>\n            <\/div>\n        <\/div><div class=\"eael-entry-wrapper\"><header class=\"eael-entry-header\"><h2 class=\"eael-entry-title\"><a\n                        class=\"eael-grid-post-link\"\n                        href=\"https:\/\/pierregosselin-jointoyeur.com\/en\/the-importance-of-plastering-and-acrylic-coating-in-pre-purchase-property-inspections-2\/\"\n                        title=\"The Importance of Plastering and Acrylic Coating in Pre-Purchase Property Inspections\">The Importance of Plastering and Acrylic Coating in Pre-Purchase Property Inspections<\/a><\/h2><\/header><div class=\"eael-entry-content\">\n                        <div class=\"eael-grid-post-excerpt\"><p>Acrylic plaster is a versatile and aesthetic material widely used in the...<\/p><a\n                            href=\"https:\/\/pierregosselin-jointoyeur.com\/en\/the-importance-of-plastering-and-acrylic-coating-in-pre-purchase-property-inspections-2\/\"\n                            class=\"eael-post-elements-readmore-btn\">Read<\/a><\/div>\n                    <\/div><div class=\"eael-entry-footer\"><div class=\"eael-entry-meta\"><span class=\"eael-posted-on\"><time datetime=\"10 May 2024\">10 May 2024<\/time><\/span><\/div><\/div><\/div><\/div>\n        <\/div>\n    <\/article><article class=\"eael-grid-post eael-post-grid-column\" data-id=\"6019\">\n        <div class=\"eael-grid-post-holder\">\n            <div class=\"eael-grid-post-holder-inner\"><div class=\"eael-entry-media\"><div class=\"eael-entry-overlay fade-in\"><i class=\"fas fa-long-arrow-alt-right\" aria-hidden=\"true\"><\/i><a href=\"https:\/\/pierregosselin-jointoyeur.com\/en\/complete-guide-to-acrylic-coating-benefits-use-and-care\/\"><\/a><\/div><div class=\"eael-entry-thumbnail \">\n                <img decoding=\"async\" width=\"300\" height=\"225\" src=\"https:\/\/pierregosselin-jointoyeur.com\/wp-content\/uploads\/2023\/12\/pierre_gosselin-Jointoyeur-service-Enduit-Acrylique-300x225.webp\" class=\"attachment-medium size-medium wp-image-2761\" alt=\"\" srcset=\"https:\/\/pierregosselin-jointoyeur.com\/wp-content\/uploads\/2023\/12\/pierre_gosselin-Jointoyeur-service-Enduit-Acrylique-300x225.webp 300w, https:\/\/pierregosselin-jointoyeur.com\/wp-content\/uploads\/2023\/12\/pierre_gosselin-Jointoyeur-service-Enduit-Acrylique-1024x768.webp 1024w, https:\/\/pierregosselin-jointoyeur.com\/wp-content\/uploads\/2023\/12\/pierre_gosselin-Jointoyeur-service-Enduit-Acrylique-768x576.webp 768w, https:\/\/pierregosselin-jointoyeur.com\/wp-content\/uploads\/2023\/12\/pierre_gosselin-Jointoyeur-service-Enduit-Acrylique-1536x1152.webp 1536w, https:\/\/pierregosselin-jointoyeur.com\/wp-content\/uploads\/2023\/12\/pierre_gosselin-Jointoyeur-service-Enduit-Acrylique.webp 2000w\" sizes=\"(max-width: 300px) 100vw, 300px\" \/>\n            <\/div>\n        <\/div><div class=\"eael-entry-wrapper\"><header class=\"eael-entry-header\"><h2 class=\"eael-entry-title\"><a\n                        class=\"eael-grid-post-link\"\n                        href=\"https:\/\/pierregosselin-jointoyeur.com\/en\/complete-guide-to-acrylic-coating-benefits-use-and-care\/\"\n                        title=\"Complete guide to acrylic coating: benefits, use and care\">Complete guide to acrylic coating: benefits, use and care<\/a><\/h2><\/header><div class=\"eael-entry-content\">\n                        <div class=\"eael-grid-post-excerpt\"><p>Acrylic plaster is a versatile and aesthetic material widely used in the...<\/p><a\n                            href=\"https:\/\/pierregosselin-jointoyeur.com\/en\/complete-guide-to-acrylic-coating-benefits-use-and-care\/\"\n                            class=\"eael-post-elements-readmore-btn\">Read<\/a><\/div>\n                    <\/div><div class=\"eael-entry-footer\"><div class=\"eael-entry-meta\"><span class=\"eael-posted-on\"><time datetime=\"13 April 2024\">13 April 2024<\/time><\/span><\/div><\/div><\/div><\/div>\n        <\/div>\n    <\/article><article class=\"eael-grid-post eael-post-grid-column\" data-id=\"5976\">\n        <div class=\"eael-grid-post-holder\">\n            <div class=\"eael-grid-post-holder-inner\"><div class=\"eael-entry-media\"><div class=\"eael-entry-overlay fade-in\"><i class=\"fas fa-long-arrow-alt-right\" aria-hidden=\"true\"><\/i><a href=\"https:\/\/pierregosselin-jointoyeur.com\/en\/5-common-mistakes-to-avoid-when-applying-acrylic-coatings\/\"><\/a><\/div><div class=\"eael-entry-thumbnail \">\n                <img decoding=\"async\" width=\"300\" height=\"200\" src=\"https:\/\/pierregosselin-jointoyeur.com\/wp-content\/uploads\/2024\/03\/Depositphotos-104001768-L-300x200.jpg\" class=\"attachment-medium size-medium wp-image-6010\" alt=\"\" srcset=\"https:\/\/pierregosselin-jointoyeur.com\/wp-content\/uploads\/2024\/03\/Depositphotos-104001768-L-300x200.jpg 300w, https:\/\/pierregosselin-jointoyeur.com\/wp-content\/uploads\/2024\/03\/Depositphotos-104001768-L-1024x684.jpg 1024w, https:\/\/pierregosselin-jointoyeur.com\/wp-content\/uploads\/2024\/03\/Depositphotos-104001768-L-768x513.jpg 768w, https:\/\/pierregosselin-jointoyeur.com\/wp-content\/uploads\/2024\/03\/Depositphotos-104001768-L-1536x1025.jpg 1536w, https:\/\/pierregosselin-jointoyeur.com\/wp-content\/uploads\/2024\/03\/Depositphotos-104001768-L.jpg 2000w\" sizes=\"(max-width: 300px) 100vw, 300px\" \/>\n            <\/div>\n        <\/div><div class=\"eael-entry-wrapper\"><header class=\"eael-entry-header\"><h2 class=\"eael-entry-title\"><a\n                        class=\"eael-grid-post-link\"\n                        href=\"https:\/\/pierregosselin-jointoyeur.com\/en\/5-common-mistakes-to-avoid-when-applying-acrylic-coatings\/\"\n                        title=\"5 Common Mistakes to Avoid When Applying Acrylic Coatings\">5 Common Mistakes to Avoid When Applying Acrylic Coatings<\/a><\/h2><\/header><div class=\"eael-entry-content\">\n                        <div class=\"eael-grid-post-excerpt\"><p>Acrylic plaster is a versatile and aesthetic material widely used in the...<\/p><a\n                            href=\"https:\/\/pierregosselin-jointoyeur.com\/en\/5-common-mistakes-to-avoid-when-applying-acrylic-coatings\/\"\n                            class=\"eael-post-elements-readmore-btn\">Read<\/a><\/div>\n                    <\/div><div class=\"eael-entry-footer\"><div class=\"eael-entry-meta\"><span class=\"eael-posted-on\"><time datetime=\"12 March 2024\">12 March 2024<\/time><\/span><\/div><\/div><\/div><\/div>\n        <\/div>\n    <\/article><\/div>\n            <div class=\"clearfix\"><\/div>\n        <\/div>            <div class=\"eael-load-more-button-wrap eael-force-hide\">\n                <button class=\"eael-load-more-button\" id=\"eael-load-more-btn-93a5c32\" data-widget-id=\"93a5c32\" data-widget=\"93a5c32\" data-page-id=\"5988\" data-template=\"{&quot;dir&quot;:&quot;lite&quot;,&quot;file_name&quot;:&quot;default.php&quot;,&quot;name&quot;:&quot;Post-Grid&quot;}\" data-class=\"Essential_Addons_Elementor\\Elements\\Post_Grid\" data-layout=\"masonry\" data-page=\"1\" data-args=\"orderby=date&amp;order=desc&amp;ignore_sticky_posts=1&amp;post_status=publish&amp;posts_per_page=3&amp;offset=0&amp;post_type=post\" data-max-page=\"2\">\n                    <span class=\"eael-btn-loader button__loader\"><\/span>\n                    <span class=\"eael_load_more_text\">Load More<\/span>\n                <\/button>\n            <\/div>\n            \t\t<\/div>\n\t\t\t\t<\/div>\n\t\t\t\t\t<\/div>\n\t\t\t\t<\/div>\n\t\t\t\t<\/div>\n\t\t","protected":false},"excerpt":{"rendered":"<p>L&#8217;Importance du Pl\u00e2trage et de l&#8217;Enduit Acrylique dans l&#8217;Inspection Pr\u00e9achat de Propri\u00e9t\u00e9s\u00a0 L&#8217;enduit acrylique est un mat\u00e9riau polyvalent et esth\u00e9tique largement utilis\u00e9 dans le&#8230; Read 10 mai 2024 Guide complet sur l&#8217;enduit acrylique : avantages, utilisation et entretien L&#8217;enduit acrylique est un mat\u00e9riau polyvalent et esth\u00e9tique largement utilis\u00e9 dans le&#8230; Read 13 avril 2024 5 [&hellip;]<\/p>\n","protected":false},"author":2,"featured_media":0,"parent":0,"menu_order":0,"comment_status":"closed","ping_status":"closed","template":"","meta":{"footnotes":""},"class_list":["post-5988","page","type-page","status-publish","hentry"],"_links":{"self":[{"href":"https:\/\/pierregosselin-jointoyeur.com\/en\/wp-json\/wp\/v2\/pages\/5988","targetHints":{"allow":["GET"]}}],"collection":[{"href":"https:\/\/pierregosselin-jointoyeur.com\/en\/wp-json\/wp\/v2\/pages"}],"about":[{"href":"https:\/\/pierregosselin-jointoyeur.com\/en\/wp-json\/wp\/v2\/types\/page"}],"author":[{"embeddable":true,"href":"https:\/\/pierregosselin-jointoyeur.com\/en\/wp-json\/wp\/v2\/users\/2"}],"replies":[{"embeddable":true,"href":"https:\/\/pierregosselin-jointoyeur.com\/en\/wp-json\/wp\/v2\/comments?post=5988"}],"version-history":[{"count":5,"href":"https:\/\/pierregosselin-jointoyeur.com\/en\/wp-json\/wp\/v2\/pages\/5988\/revisions"}],"predecessor-version":[{"id":6077,"href":"https:\/\/pierregosselin-jointoyeur.com\/en\/wp-json\/wp\/v2\/pages\/5988\/revisions\/6077"}],"wp:attachment":[{"href":"https:\/\/pierregosselin-jointoyeur.com\/en\/wp-json\/wp\/v2\/media?parent=5988"}],"curies":[{"name":"wp","href":"https:\/\/api.w.org\/{rel}","templated":true}]}}